{"id":14374,"date":"2024-07-22T23:41:02","date_gmt":"2024-07-22T15:41:02","guid":{"rendered":"http:\/\/royale.local\/?page_id=14374"},"modified":"2024-07-22T23:41:40","modified_gmt":"2024-07-22T15:41:40","slug":"homepage","status":"publish","type":"page","link":"https:\/\/staging.royaleinternational.com\/es\/","title":{"rendered":"Homepage"},"content":{"rendered":"\n<h1>\n\t\tEn Royale, buscamos mover cualquier tama\u00f1o de negocio con las mejores herramientas y con soluciones log\u00edsticas integradas.\n\t<\/h1>\n  <form target=\"_self\" action=\"https:\/\/staging.royaleinternational.com\/es\/tracking\/\" method=\"get\">\n      <label>Mi n\u00famero de seguimiento<\/label>\n      <input name=\"waybillno\" placeholder=\" en l\u00ednea es\">\n      <button type=\"submit\">Buscar<\/button>\n  <\/form>\n<h2>\n\t\t<em>Royale International<\/em> es una compa\u00f1\u00eda dedicada a proveer un amplio portafolio de servicios desde 1993.\n\t<\/h2>\n\t<p>Ya sea con servicio tradicional de paqueter\u00eda, almacenamiento, servicios especializados de tiempo cr\u00edtico, distribuci\u00f3n de investigaci\u00f3n financiera, Royale International proporcionas a sus clientes globales soluciones integradas y competitivas.<\/p>\n<p>Combinando flexibilidad juvenil con la experiencia que proviene de tres d\u00e9cadas de existencia, Royale International ofrece un servicio personalizado y soluciones oportunas para satisfacer las necesidades de clientes que van desde PYMES hasta corporaciones Fortune 500.<\/p>\n<p>Sin importar cu\u00e1l es su necesidad, entregas a tiempo es vital en el mundo actual de negocios: En Royale International estamos dedicados a \u201cHacerlo que suceda\u201d<\/p>\n<p><a href=\"https:\/\/staging.royaleinternational.com\/es\/about\/\">Aprende m\u00e1s<\/a><\/p>\n\t\t\t\t<img fetchpriority=\"high\" decoding=\"async\" src=\"https:\/\/staging.royaleinternational.com\/wp-content\/uploads\/2020\/02\/Group-picture-e1582226290116-900x587.jpg\" alt=\"Group picture\" itemprop=\"image\" height=\"587\" width=\"900\" title=\"Group picture\" onerror=\"this.style.display='none'\">\n<h2>\n\t\tCaso de studio\n\t<\/h2>\n            <a href=\"https:\/\/staging.royaleinternational.com\/es\/2020\/03\/time-critical-case-study\/\">\n                Estudios de caso    \n                Tiempo Critico\n            <\/a>\n            <a href=\"https:\/\/staging.royaleinternational.com\/es\/2020\/03\/zalora\/\">\n                Estudios de caso    \n                Zalora\n            <\/a>\n            <a href=\"https:\/\/staging.royaleinternational.com\/es\/2020\/03\/delta-global\/\">\n                Estudios de caso    \n                Delta Global\n            <\/a>\n            <a href=\"https:\/\/staging.royaleinternational.com\/es\/2019\/09\/lush\/\">\n                Estudios de caso    \n                LUSH\n            <\/a>\n            <a href=\"https:\/\/staging.royaleinternational.com\/es\/2020\/01\/rebound-returns\/\">\n                Estudios de caso    \n                ReBOUND Returns\n            <\/a>\n        <h2>\n\t\tCaso de studio\n\t<\/h2>\n\t<p>Asegur\u00e1ndonos siempre que nuestros servicios sean hechos a las necesidades nos dedicamos a entender los detalles de tus necesidades. Para una simple entrega a su destino final, nosotros anticipamos cada paso del proceso para asegurarnos que tu entrega llegue con tiempo de sobra.<\/p>\n<p><a href=\"https:\/\/staging.royaleinternational.com\/es\/category\/case-studies\/\">Ver todos los estudios de caso<\/a><\/p>\n<h2>\n\t\tEstamos aqu\u00ed para ayudarte\n\t<\/h2>\n\t<p>\u00bfNo sabes lo que necesitas? Habla con nosotros y buscaremos la manera de ayudar a tu negocio y a ti.<\/p>\n<p><a href=\"https:\/\/staging.royaleinternational.com\/es\/help-center\/\">Ver preguntas frecuentes<\/a><\/p>\n<h2>\n\t\t\u00daltimas noticias\n\t<\/h2>\n\t<p>Abajo las ultimas noticias de nuestro equipo en diferentes partes del mundo, desde aperturas hasta resientes contrataciones.<\/p>\n<p><a href=\"https:\/\/staging.royaleinternational.com\/es\/news\/\">Ver todo<\/a><\/p>\n<h2>\n\t\t\u00daltimas noticias\n\t<\/h2>\n\t<p>Abajo las ultimas noticias de nuestro equipo en diferentes partes del mundo, desde aperturas hasta resientes contrataciones.<\/p>\n<p><a href=\"https:\/\/staging.royaleinternational.com\/es\/news\/\">Ver todo<\/a><\/p>\n","protected":false},"excerpt":{"rendered":"<p>En Royale, buscamos mover cualquier tama\u00f1o de negocio con las mejores herramientas y con soluciones log\u00edsticas integradas. Mi n\u00famero de seguimiento Buscar Royale International es una compa\u00f1\u00eda dedicada a proveer un amplio portafolio de servicios desde 1993. Ya sea con servicio tradicional de paqueter\u00eda, almacenamiento, servicios especializados de tiempo cr\u00edtico, distribuci\u00f3n de investigaci\u00f3n financiera, Royale&hellip;<\/p>\n","protected":false},"author":12,"featured_media":0,"parent":0,"menu_order":0,"comment_status":"closed","ping_status":"closed","template":"","meta":{"_acf_changed":false,"footnotes":""},"class_list":["post-14374","page","type-page","status-publish","hentry"],"acf":[],"yoast_head":"<!-- This site is optimized with the Yoast SEO plugin v26.8 - https:\/\/yoast.com\/product\/yoast-seo-wordpress\/ -->\n<title>Homepage - Royale International<\/title>\n<meta name=\"robots\" content=\"noindex, follow, max-snippet:-1, max-image-preview:large, max-video-preview:-1\" \/>\n<meta property=\"og:locale\" content=\"es_ES\" \/>\n<meta property=\"og:type\" content=\"article\" \/>\n<meta property=\"og:title\" content=\"Homepage - Royale International\" \/>\n<meta property=\"og:description\" content=\"En Royale, buscamos mover cualquier tama\u00f1o de negocio con las mejores herramientas y con soluciones log\u00edsticas integradas. Mi n\u00famero de seguimiento Buscar Royale International es una compa\u00f1\u00eda dedicada a proveer un amplio portafolio de servicios desde 1993. Ya sea con servicio tradicional de paqueter\u00eda, almacenamiento, servicios especializados de tiempo cr\u00edtico, distribuci\u00f3n de investigaci\u00f3n financiera, Royale&hellip;\" \/>\n<meta property=\"og:url\" content=\"https:\/\/staging.royaleinternational.com\/es\/\" \/>\n<meta property=\"og:site_name\" content=\"Royale International\" \/>\n<meta property=\"article:modified_time\" content=\"2024-07-22T15:41:40+00:00\" \/>\n<meta property=\"og:image\" content=\"https:\/\/staging.royaleinternational.com\/wp-content\/uploads\/2020\/02\/Group-picture-e1582226290116-900x587.jpg\" \/>\n<meta name=\"twitter:card\" content=\"summary_large_image\" \/>\n<meta name=\"twitter:label1\" content=\"Tiempo de lectura\" \/>\n\t<meta name=\"twitter:data1\" content=\"2 minutos\" \/>\n<script type=\"application\/ld+json\" class=\"yoast-schema-graph\">{\"@context\":\"https:\/\/schema.org\",\"@graph\":[{\"@type\":\"WebPage\",\"@id\":\"https:\/\/staging.royaleinternational.com\/es\/\",\"url\":\"https:\/\/staging.royaleinternational.com\/es\/\",\"name\":\"Homepage - Royale International\",\"isPartOf\":{\"@id\":\"https:\/\/staging.royaleinternational.com\/es\/#website\"},\"primaryImageOfPage\":{\"@id\":\"https:\/\/staging.royaleinternational.com\/es\/#primaryimage\"},\"image\":{\"@id\":\"https:\/\/staging.royaleinternational.com\/es\/#primaryimage\"},\"thumbnailUrl\":\"https:\/\/staging.royaleinternational.com\/wp-content\/uploads\/2020\/02\/Group-picture-e1582226290116-900x587.jpg\",\"datePublished\":\"2024-07-22T15:41:02+00:00\",\"dateModified\":\"2024-07-22T15:41:40+00:00\",\"breadcrumb\":{\"@id\":\"https:\/\/staging.royaleinternational.com\/es\/#breadcrumb\"},\"inLanguage\":\"es\",\"potentialAction\":[{\"@type\":\"ReadAction\",\"target\":[\"https:\/\/staging.royaleinternational.com\/es\/\"]}]},{\"@type\":\"ImageObject\",\"inLanguage\":\"es\",\"@id\":\"https:\/\/staging.royaleinternational.com\/es\/#primaryimage\",\"url\":\"https:\/\/staging.royaleinternational.com\/wp-content\/uploads\/2020\/02\/Group-picture-e1582226290116-900x587.jpg\",\"contentUrl\":\"https:\/\/staging.royaleinternational.com\/wp-content\/uploads\/2020\/02\/Group-picture-e1582226290116-900x587.jpg\"},{\"@type\":\"BreadcrumbList\",\"@id\":\"https:\/\/staging.royaleinternational.com\/es\/#breadcrumb\",\"itemListElement\":[{\"@type\":\"ListItem\",\"position\":1,\"name\":\"Home\",\"item\":\"https:\/\/staging.royaleinternational.com\/es\/\"},{\"@type\":\"ListItem\",\"position\":2,\"name\":\"Homepage\"}]},{\"@type\":\"WebSite\",\"@id\":\"https:\/\/staging.royaleinternational.com\/es\/#website\",\"url\":\"https:\/\/staging.royaleinternational.com\/es\/\",\"name\":\"Royale International\",\"description\":\"Dedicated to making it happen\",\"potentialAction\":[{\"@type\":\"SearchAction\",\"target\":{\"@type\":\"EntryPoint\",\"urlTemplate\":\"https:\/\/staging.royaleinternational.com\/es\/?s={search_term_string}\"},\"query-input\":{\"@type\":\"PropertyValueSpecification\",\"valueRequired\":true,\"valueName\":\"search_term_string\"}}],\"inLanguage\":\"es\"}]}<\/script>\n<!-- \/ Yoast SEO plugin. -->","yoast_head_json":{"title":"Homepage - Royale International","robots":{"index":"noindex","follow":"follow","max-snippet":"max-snippet:-1","max-image-preview":"max-image-preview:large","max-video-preview":"max-video-preview:-1"},"og_locale":"es_ES","og_type":"article","og_title":"Homepage - Royale International","og_description":"En Royale, buscamos mover cualquier tama\u00f1o de negocio con las mejores herramientas y con soluciones log\u00edsticas integradas. Mi n\u00famero de seguimiento Buscar Royale International es una compa\u00f1\u00eda dedicada a proveer un amplio portafolio de servicios desde 1993. Ya sea con servicio tradicional de paqueter\u00eda, almacenamiento, servicios especializados de tiempo cr\u00edtico, distribuci\u00f3n de investigaci\u00f3n financiera, Royale&hellip;","og_url":"https:\/\/staging.royaleinternational.com\/es\/","og_site_name":"Royale International","article_modified_time":"2024-07-22T15:41:40+00:00","og_image":[{"url":"https:\/\/staging.royaleinternational.com\/wp-content\/uploads\/2020\/02\/Group-picture-e1582226290116-900x587.jpg","type":"","width":"","height":""}],"twitter_card":"summary_large_image","twitter_misc":{"Tiempo de lectura":"2 minutos"},"schema":{"@context":"https:\/\/schema.org","@graph":[{"@type":"WebPage","@id":"https:\/\/staging.royaleinternational.com\/es\/","url":"https:\/\/staging.royaleinternational.com\/es\/","name":"Homepage - Royale International","isPartOf":{"@id":"https:\/\/staging.royaleinternational.com\/es\/#website"},"primaryImageOfPage":{"@id":"https:\/\/staging.royaleinternational.com\/es\/#primaryimage"},"image":{"@id":"https:\/\/staging.royaleinternational.com\/es\/#primaryimage"},"thumbnailUrl":"https:\/\/staging.royaleinternational.com\/wp-content\/uploads\/2020\/02\/Group-picture-e1582226290116-900x587.jpg","datePublished":"2024-07-22T15:41:02+00:00","dateModified":"2024-07-22T15:41:40+00:00","breadcrumb":{"@id":"https:\/\/staging.royaleinternational.com\/es\/#breadcrumb"},"inLanguage":"es","potentialAction":[{"@type":"ReadAction","target":["https:\/\/staging.royaleinternational.com\/es\/"]}]},{"@type":"ImageObject","inLanguage":"es","@id":"https:\/\/staging.royaleinternational.com\/es\/#primaryimage","url":"https:\/\/staging.royaleinternational.com\/wp-content\/uploads\/2020\/02\/Group-picture-e1582226290116-900x587.jpg","contentUrl":"https:\/\/staging.royaleinternational.com\/wp-content\/uploads\/2020\/02\/Group-picture-e1582226290116-900x587.jpg"},{"@type":"BreadcrumbList","@id":"https:\/\/staging.royaleinternational.com\/es\/#breadcrumb","itemListElement":[{"@type":"ListItem","position":1,"name":"Home","item":"https:\/\/staging.royaleinternational.com\/es\/"},{"@type":"ListItem","position":2,"name":"Homepage"}]},{"@type":"WebSite","@id":"https:\/\/staging.royaleinternational.com\/es\/#website","url":"https:\/\/staging.royaleinternational.com\/es\/","name":"Royale International","description":"Dedicated to making it happen","potentialAction":[{"@type":"SearchAction","target":{"@type":"EntryPoint","urlTemplate":"https:\/\/staging.royaleinternational.com\/es\/?s={search_term_string}"},"query-input":{"@type":"PropertyValueSpecification","valueRequired":true,"valueName":"search_term_string"}}],"inLanguage":"es"}]}},"_links":{"self":[{"href":"https:\/\/staging.royaleinternational.com\/es\/wp-json\/wp\/v2\/pages\/14374","targetHints":{"allow":["GET"]}}],"collection":[{"href":"https:\/\/staging.royaleinternational.com\/es\/wp-json\/wp\/v2\/pages"}],"about":[{"href":"https:\/\/staging.royaleinternational.com\/es\/wp-json\/wp\/v2\/types\/page"}],"author":[{"embeddable":true,"href":"https:\/\/staging.royaleinternational.com\/es\/wp-json\/wp\/v2\/users\/12"}],"replies":[{"embeddable":true,"href":"https:\/\/staging.royaleinternational.com\/es\/wp-json\/wp\/v2\/comments?post=14374"}],"version-history":[{"count":1,"href":"https:\/\/staging.royaleinternational.com\/es\/wp-json\/wp\/v2\/pages\/14374\/revisions"}],"predecessor-version":[{"id":14375,"href":"https:\/\/staging.royaleinternational.com\/es\/wp-json\/wp\/v2\/pages\/14374\/revisions\/14375"}],"wp:attachment":[{"href":"https:\/\/staging.royaleinternational.com\/es\/wp-json\/wp\/v2\/media?parent=14374"}],"curies":[{"name":"wp","href":"https:\/\/api.w.org\/{rel}","templated":true}]}}