{"id":4875,"date":"2019-11-14T03:39:08","date_gmt":"2019-11-14T03:39:08","guid":{"rendered":"https:\/\/www.royaleinternational.com\/talk-to-us\/"},"modified":"2023-07-26T11:53:04","modified_gmt":"2023-07-26T03:53:04","slug":"talk-to-us","status":"publish","type":"page","link":"https:\/\/staging.royaleinternational.com\/cn\/talk-to-us\/","title":{"rendered":"\u4e0e\u6211\u4eec\u4ea4\u8c08"},"content":{"rendered":"\n<h2>\n\t\t\u53d6\u5f97\u8054\u7cfb\n\t<\/h2>\n<form action=\"\/cn\/?page_id=4875&amp;fl_builder#wpcf7-f5548-o1\" method=\"post\" novalidate=\"novalidate\">\n<input type=\"hidden\" name=\"_wpcf7\" value=\"5548\">\n<input type=\"hidden\" name=\"_wpcf7_version\" value=\"5.1.7\">\n<input type=\"hidden\" name=\"_wpcf7_locale\" value=\"en_US\">\n<input type=\"hidden\" name=\"_wpcf7_unit_tag\" value=\"wpcf7-f5548-o1\">\n<input type=\"hidden\" name=\"_wpcf7_container_post\" value=\"0\">\n        <input type=\"text\" name=\"contact-first-name\" value=\"\" size=\"40\" aria-required=\"true\" aria-invalid=\"false\" placeholder=\"\u540d\">\n        <input type=\"text\" name=\"contact-last-name\" value=\"\" size=\"40\" aria-required=\"true\" aria-invalid=\"false\" placeholder=\"\u59d3\">\n        <input type=\"email\" name=\"contact-email\" value=\"\" size=\"40\" aria-required=\"true\" aria-invalid=\"false\" placeholder=\"\u90ae\u7bb1\u5730\u5740\">\n        <input type=\"text\" name=\"contact-phone\" value=\"\" size=\"40\" aria-invalid=\"false\" placeholder=\"\u7535\u8bdd\u53f7\u7801\">\n        <select name=\"country\" aria-required=\"true\" aria-invalid=\"false\"><option value=\"\u9009\u62e9\u60a8\u7684\u56fd\u5bb6\/\u5730\u533a\">\u9009\u62e9\u60a8\u7684\u56fd\u5bb6\/\u5730\u533a<\/option><option value=\"Afghanistan\">Afghanistan<\/option><option value=\"\u00c5land Islands\">\u00c5land Islands<\/option><option value=\"Albania\">Albania<\/option><option value=\"Algeria\">Algeria<\/option><option value=\"American Samoa\">American Samoa<\/option><option value=\"Andorra\">Andorra<\/option><option value=\"Angola\">Angola<\/option><option value=\"Anguilla\">Anguilla<\/option><option value=\"Antarctica\">Antarctica<\/option><option value=\"Antigua and Barbuda\">Antigua and Barbuda<\/option><option value=\"Argentina\">Argentina<\/option><option value=\"Armenia\">Armenia<\/option><option value=\"Aruba\">Aruba<\/option><option value=\"Australia\">Australia<\/option><option value=\"Austria\">Austria<\/option><option value=\"Azerbaijan\">Azerbaijan<\/option><option value=\"Bahamas\">Bahamas<\/option><option value=\"Bahrain\">Bahrain<\/option><option value=\"Bangladesh\">Bangladesh<\/option><option value=\"Barbados\">Barbados<\/option><option value=\"Belarus\">Belarus<\/option><option value=\"Belgium\">Belgium<\/option><option value=\"Belau\">Belau<\/option><option value=\"Belize\">Belize<\/option><option value=\"Benin\">Benin<\/option><option value=\"Bermuda\">Bermuda<\/option><option value=\"Bhutan\">Bhutan<\/option><option value=\"Bolivia\">Bolivia<\/option><option value=\"Bonaire, Saint Eustatius and Saba\">Bonaire, Saint Eustatius and Saba<\/option><option value=\"Bosnia and Herzegovina\">Bosnia and Herzegovina<\/option><option value=\"Botswana\">Botswana<\/option><option value=\"Bouvet Island\">Bouvet Island<\/option><option value=\"Brazil\">Brazil<\/option><option value=\"British Indian Ocean Territory\">British Indian Ocean Territory<\/option><option value=\"Brunei\">Brunei<\/option><option value=\"Bulgaria\">Bulgaria<\/option><option value=\"Burkina Faso\">Burkina Faso<\/option><option value=\"Burundi\">Burundi<\/option><option value=\"Cambodia\">Cambodia<\/option><option value=\"Cameroon\">Cameroon<\/option><option value=\"Canada\">Canada<\/option><option value=\"Cape Verde\">Cape Verde<\/option><option value=\"Cayman Islands\">Cayman Islands<\/option><option value=\"Central African Republic\">Central African Republic<\/option><option value=\"Chad\">Chad<\/option><option value=\"Chile\">Chile<\/option><option value=\"China\">China<\/option><option value=\"Christmas Island\">Christmas Island<\/option><option value=\"Cocos (Keeling) Islands\">Cocos (Keeling) Islands<\/option><option value=\"Colombia\">Colombia<\/option><option value=\"Comoros\">Comoros<\/option><option value=\"Congo (Brazzaville)\">Congo (Brazzaville)<\/option><option value=\"Congo (Kinshasa)\">Congo (Kinshasa)<\/option><option value=\"Cook Islands\">Cook Islands<\/option><option value=\"Costa Rica\">Costa Rica<\/option><option value=\"Croatia\">Croatia<\/option><option value=\"Cuba\">Cuba<\/option><option value=\"Cura\u00e7ao\">Cura\u00e7ao<\/option><option value=\"Cyprus\">Cyprus<\/option><option value=\"Czech Republic\">Czech Republic<\/option><option value=\"Denmark\">Denmark<\/option><option value=\"Djibouti\">Djibouti<\/option><option value=\"Dominica\">Dominica<\/option><option value=\"Dominican Republic\">Dominican Republic<\/option><option value=\"Ecuador\">Ecuador<\/option><option value=\"Egypt\">Egypt<\/option><option value=\"El Salvador\">El Salvador<\/option><option value=\"Equatorial Guinea\">Equatorial Guinea<\/option><option value=\"Eritrea\">Eritrea<\/option><option value=\"Estonia\">Estonia<\/option><option value=\"Ethiopia\">Ethiopia<\/option><option value=\"Falkland Islands\">Falkland Islands<\/option><option value=\"Faroe Islands\">Faroe Islands<\/option><option value=\"Fiji\">Fiji<\/option><option value=\"Finland\">Finland<\/option><option value=\"France\">France<\/option><option value=\"French Guiana\">French Guiana<\/option><option value=\"French Polynesia\">French Polynesia<\/option><option value=\"French Southern Territories\">French Southern Territories<\/option><option value=\"Gabon\">Gabon<\/option><option value=\"Gambia\">Gambia<\/option><option value=\"Georgia\">Georgia<\/option><option value=\"Germany\">Germany<\/option><option value=\"Ghana\">Ghana<\/option><option value=\"Gibraltar\">Gibraltar<\/option><option value=\"Greece\">Greece<\/option><option value=\"Greenland\">Greenland<\/option><option value=\"Grenada\">Grenada<\/option><option value=\"Guadeloupe\">Guadeloupe<\/option><option value=\"Guam\">Guam<\/option><option value=\"Guatemala\">Guatemala<\/option><option value=\"Guernsey\">Guernsey<\/option><option value=\"Guinea\">Guinea<\/option><option value=\"Guinea-Bissau\">Guinea-Bissau<\/option><option value=\"Guyana\">Guyana<\/option><option value=\"Haiti\">Haiti<\/option><option value=\"Heard Island and McDonald Islands\">Heard Island and McDonald Islands<\/option><option value=\"Honduras\">Honduras<\/option><option value=\"Hong Kong\">Hong Kong<\/option><option value=\"Hungary\">Hungary<\/option><option value=\"Iceland\">Iceland<\/option><option value=\"India\">India<\/option><option value=\"Indonesia\">Indonesia<\/option><option value=\"Iran\">Iran<\/option><option value=\"Iraq\">Iraq<\/option><option value=\"Ireland\">Ireland<\/option><option value=\"Isle of Man\">Isle of Man<\/option><option value=\"Israel\">Israel<\/option><option value=\"Italy\">Italy<\/option><option value=\"Ivory Coast\">Ivory Coast<\/option><option value=\"Jamaica\">Jamaica<\/option><option value=\"Japan\">Japan<\/option><option value=\"Jersey\">Jersey<\/option><option value=\"Jordan\">Jordan<\/option><option value=\"Kazakhstan\">Kazakhstan<\/option><option value=\"Kenya\">Kenya<\/option><option value=\"Kiribati\">Kiribati<\/option><option value=\"Kuwait\">Kuwait<\/option><option value=\"Kyrgyzstan\">Kyrgyzstan<\/option><option value=\"Laos\">Laos<\/option><option value=\"Latvia\">Latvia<\/option><option value=\"Lebanon\">Lebanon<\/option><option value=\"Lesotho\">Lesotho<\/option><option value=\"Liberia\">Liberia<\/option><option value=\"Libya\">Libya<\/option><option value=\"Liechtenstein\">Liechtenstein<\/option><option value=\"Lithuania\">Lithuania<\/option><option value=\"Luxembourg\">Luxembourg<\/option><option value=\"Macao S.A.R., China\">Macao S.A.R., China<\/option><option value=\"Macedonia\">Macedonia<\/option><option value=\"Madagascar\">Madagascar<\/option><option value=\"Malawi\">Malawi<\/option><option value=\"Malaysia\">Malaysia<\/option><option value=\"Maldives\">Maldives<\/option><option value=\"Mali\">Mali<\/option><option value=\"Malta\">Malta<\/option><option value=\"Marshall Islands\">Marshall Islands<\/option><option value=\"Martinique\">Martinique<\/option><option value=\"Mauritania\">Mauritania<\/option><option value=\"Mauritius\">Mauritius<\/option><option value=\"Mayotte\">Mayotte<\/option><option value=\"Mexico\">Mexico<\/option><option value=\"Micronesia\">Micronesia<\/option><option value=\"Moldova\">Moldova<\/option><option value=\"Monaco\">Monaco<\/option><option value=\"Mongolia\">Mongolia<\/option><option value=\"Montenegro\">Montenegro<\/option><option value=\"Montserrat\">Montserrat<\/option><option value=\"Morocco\">Morocco<\/option><option value=\"Mozambique\">Mozambique<\/option><option value=\"Myanmar\">Myanmar<\/option><option value=\"Namibia\">Namibia<\/option><option value=\"Nauru\">Nauru<\/option><option value=\"Nepal\">Nepal<\/option><option value=\"Netherlands\">Netherlands<\/option><option value=\"New Caledonia\">New Caledonia<\/option><option value=\"New Zealand\">New Zealand<\/option><option value=\"Nicaragua\">Nicaragua<\/option><option value=\"Niger\">Niger<\/option><option value=\"Nigeria\">Nigeria<\/option><option value=\"Niue\">Niue<\/option><option value=\"Norfolk Island\">Norfolk Island<\/option><option value=\"Northern Mariana Islands\">Northern Mariana Islands<\/option><option value=\"North Korea\">North Korea<\/option><option value=\"Norway\">Norway<\/option><option value=\"Oman\">Oman<\/option><option value=\"Pakistan\">Pakistan<\/option><option value=\"Palestinian Territory\">Palestinian Territory<\/option><option value=\"Panama\">Panama<\/option><option value=\"Papua New Guinea\">Papua New Guinea<\/option><option value=\"Paraguay\">Paraguay<\/option><option value=\"Peru\">Peru<\/option><option value=\"Philippines\">Philippines<\/option><option value=\"Pitcairn\">Pitcairn<\/option><option value=\"Poland\">Poland<\/option><option value=\"Portugal\">Portugal<\/option><option value=\"Puerto Rico\">Puerto Rico<\/option><option value=\"Qatar\">Qatar<\/option><option value=\"Reunion\">Reunion<\/option><option value=\"Romania\">Romania<\/option><option value=\"Russia\">Russia<\/option><option value=\"Rwanda\">Rwanda<\/option><option value=\"Saint Barth\u00e9lemy\">Saint Barth\u00e9lemy<\/option><option value=\"Saint Helena\">Saint Helena<\/option><option value=\"Saint Kitts and Nevis\">Saint Kitts and Nevis<\/option><option value=\"Saint Lucia\">Saint Lucia<\/option><option value=\"Saint Martin (French part)\">Saint Martin (French part)<\/option><option value=\"Saint Martin (Dutch part)\">Saint Martin (Dutch part)<\/option><option value=\"Saint Pierre and Miquelon\">Saint Pierre and Miquelon<\/option><option value=\"Saint Vincent and the Grenadines\">Saint Vincent and the Grenadines<\/option><option value=\"San Marino\">San Marino<\/option><option value=\"S\u00e3o Tom\u00e9 and Pr\u00edncipe\">S\u00e3o Tom\u00e9 and Pr\u00edncipe<\/option><option value=\"Saudi Arabia\">Saudi Arabia<\/option><option value=\"Senegal\">Senegal<\/option><option value=\"Serbia\">Serbia<\/option><option value=\"Seychelles\">Seychelles<\/option><option value=\"Sierra Leone\">Sierra Leone<\/option><option value=\"Singapore\">Singapore<\/option><option value=\"Slovakia\">Slovakia<\/option><option value=\"Slovenia\">Slovenia<\/option><option value=\"Solomon Islands\">Solomon Islands<\/option><option value=\"Somalia\">Somalia<\/option><option value=\"South Africa\">South Africa<\/option><option value=\"South Georgia\/Sandwich Islands\">South Georgia\/Sandwich Islands<\/option><option value=\"South Korea\">South Korea<\/option><option value=\"South Sudan\">South Sudan<\/option><option value=\"Spain\">Spain<\/option><option value=\"Sri Lanka\">Sri Lanka<\/option><option value=\"Sudan\">Sudan<\/option><option value=\"Suriname\">Suriname<\/option><option value=\"Svalbard and Jan Mayen\">Svalbard and Jan Mayen<\/option><option value=\"Swaziland\">Swaziland<\/option><option value=\"Sweden\">Sweden<\/option><option value=\"Switzerland\">Switzerland<\/option><option value=\"Syria\">Syria<\/option><option value=\"Taiwan\">Taiwan<\/option><option value=\"Tajikistan\">Tajikistan<\/option><option value=\"Tanzania\">Tanzania<\/option><option value=\"Thailand\">Thailand<\/option><option value=\"Timor-Leste\">Timor-Leste<\/option><option value=\"Togo\">Togo<\/option><option value=\"Tokelau\">Tokelau<\/option><option value=\"Tonga\">Tonga<\/option><option value=\"Trinidad and Tobago\">Trinidad and Tobago<\/option><option value=\"Tunisia\">Tunisia<\/option><option value=\"Turkey\">Turkey<\/option><option value=\"Turkmenistan\">Turkmenistan<\/option><option value=\"Turks and Caicos Islands\">Turks and Caicos Islands<\/option><option value=\"Tuvalu\">Tuvalu<\/option><option value=\"Uganda\">Uganda<\/option><option value=\"Ukraine\">Ukraine<\/option><option value=\"United Arab Emirates\">United Arab Emirates<\/option><option value=\"United Kingdom (UK)\">United Kingdom (UK)<\/option><option value=\"United States (US)\">United States (US)<\/option><option value=\"United States (US) Minor Outlying Islands\">United States (US) Minor Outlying Islands<\/option><option value=\"Uruguay\">Uruguay<\/option><option value=\"Uzbekistan\">Uzbekistan<\/option><option value=\"Vanuatu\">Vanuatu<\/option><option value=\"Vatican\">Vatican<\/option><option value=\"Venezuela\">Venezuela<\/option><option value=\"Vietnam\">Vietnam<\/option><option value=\"Virgin Islands (British)\">Virgin Islands (British)<\/option><option value=\"Virgin Islands (US)\">Virgin Islands (US)<\/option><option value=\"Wallis and Futuna\">Wallis and Futuna<\/option><option value=\"Western Sahara\">Western Sahara<\/option><option value=\"Samoa\">Samoa<\/option><option value=\"Yemen\">Yemen<\/option><option value=\"Zambia\">Zambia<\/option><option value=\"Zimbabwe\">Zimbabwe<\/option><\/select>\n        <select name=\"inquiry\" aria-invalid=\"false\"><option value=\"\">\u67e5\u8be2\u7c7b\u578b<\/option><option value=\"\u8bf7\u6c42\u62a5\u4ef7\">\u8bf7\u6c42\u62a5\u4ef7<\/option><option value=\"\u7533\u8bf7\u804c\u4f4d\">\u7533\u8bf7\u804c\u4f4d<\/option><option value=\"\u5176\u4ed6\">\u5176\u4ed6<\/option><\/select>\n        <textarea name=\"contact-message\" cols=\"40\" rows=\"10\" aria-invalid=\"false\" placeholder=\"\u4fe1\u606f\"><\/textarea>\n<p><input type=\"submit\" value=\"\u63d0\u4ea4\"><\/p>\n<\/form>\n\t\t\t<a href=\"#\" target=\"_self\" role=\"button\" rel=\"noopener noreferrer\">\n\t\t\t\t\t\t\u5173\n\t\t\t\t\t<\/a>\n","protected":false},"excerpt":{"rendered":"<p>\u53d6\u5f97\u8054\u7cfb \u9009\u62e9\u60a8\u7684\u56fd\u5bb6\/\u5730\u533aAfghanistan\u00c5land IslandsAlbaniaAlgeriaAme&hellip;<\/p>\n","protected":false},"author":1,"featured_media":0,"parent":0,"menu_order":0,"comment_status":"closed","ping_status":"closed","template":"","meta":{"_acf_changed":false,"footnotes":""},"class_list":["post-4875","page","type-page","status-publish","hentry"],"acf":[],"yoast_head":"<!-- This site is optimized with the Yoast SEO plugin v26.8 - https:\/\/yoast.com\/product\/yoast-seo-wordpress\/ -->\n<title>\u4e0e\u6211\u4eec\u4ea4\u8c08 - Royale International<\/title>\n<meta name=\"robots\" content=\"noindex, follow, max-snippet:-1, max-image-preview:large, max-video-preview:-1\" \/>\n<meta property=\"og:locale\" content=\"zh_CN\" \/>\n<meta property=\"og:type\" content=\"article\" \/>\n<meta property=\"og:title\" content=\"\u4e0e\u6211\u4eec\u4ea4\u8c08 - Royale International\" \/>\n<meta property=\"og:description\" content=\"\u53d6\u5f97\u8054\u7cfb \u9009\u62e9\u60a8\u7684\u56fd\u5bb6\/\u5730\u533aAfghanistan\u00c5land IslandsAlbaniaAlgeriaAme&hellip;\" \/>\n<meta property=\"og:url\" content=\"https:\/\/staging.royaleinternational.com\/cn\/talk-to-us\/\" \/>\n<meta property=\"og:site_name\" content=\"Royale International\" \/>\n<meta property=\"article:modified_time\" content=\"2023-07-26T03:53:04+00:00\" \/>\n<meta name=\"twitter:card\" content=\"summary_large_image\" \/>\n<meta name=\"twitter:label1\" content=\"\u9884\u8ba1\u9605\u8bfb\u65f6\u95f4\" \/>\n\t<meta name=\"twitter:data1\" content=\"2 \u5206\" \/>\n<script type=\"application\/ld+json\" class=\"yoast-schema-graph\">{\"@context\":\"https:\/\/schema.org\",\"@graph\":[{\"@type\":\"WebPage\",\"@id\":\"https:\/\/staging.royaleinternational.com\/cn\/talk-to-us\/\",\"url\":\"https:\/\/staging.royaleinternational.com\/cn\/talk-to-us\/\",\"name\":\"\u4e0e\u6211\u4eec\u4ea4\u8c08 - Royale International\",\"isPartOf\":{\"@id\":\"https:\/\/staging.royaleinternational.com\/cn\/#website\"},\"datePublished\":\"2019-11-14T03:39:08+00:00\",\"dateModified\":\"2023-07-26T03:53:04+00:00\",\"breadcrumb\":{\"@id\":\"https:\/\/staging.royaleinternational.com\/cn\/talk-to-us\/#breadcrumb\"},\"inLanguage\":\"zh-Hans\",\"potentialAction\":[{\"@type\":\"ReadAction\",\"target\":[\"https:\/\/staging.royaleinternational.com\/cn\/talk-to-us\/\"]}]},{\"@type\":\"BreadcrumbList\",\"@id\":\"https:\/\/staging.royaleinternational.com\/cn\/talk-to-us\/#breadcrumb\",\"itemListElement\":[{\"@type\":\"ListItem\",\"position\":1,\"name\":\"Home\",\"item\":\"https:\/\/staging.royaleinternational.com\/cn\/\"},{\"@type\":\"ListItem\",\"position\":2,\"name\":\"\u4e0e\u6211\u4eec\u4ea4\u8c08\"}]},{\"@type\":\"WebSite\",\"@id\":\"https:\/\/staging.royaleinternational.com\/cn\/#website\",\"url\":\"https:\/\/staging.royaleinternational.com\/cn\/\",\"name\":\"Royale International\",\"description\":\"Dedicated to making it happen\",\"potentialAction\":[{\"@type\":\"SearchAction\",\"target\":{\"@type\":\"EntryPoint\",\"urlTemplate\":\"https:\/\/staging.royaleinternational.com\/cn\/?s={search_term_string}\"},\"query-input\":{\"@type\":\"PropertyValueSpecification\",\"valueRequired\":true,\"valueName\":\"search_term_string\"}}],\"inLanguage\":\"zh-Hans\"}]}<\/script>\n<!-- \/ Yoast SEO plugin. -->","yoast_head_json":{"title":"\u4e0e\u6211\u4eec\u4ea4\u8c08 - Royale International","robots":{"index":"noindex","follow":"follow","max-snippet":"max-snippet:-1","max-image-preview":"max-image-preview:large","max-video-preview":"max-video-preview:-1"},"og_locale":"zh_CN","og_type":"article","og_title":"\u4e0e\u6211\u4eec\u4ea4\u8c08 - Royale International","og_description":"\u53d6\u5f97\u8054\u7cfb \u9009\u62e9\u60a8\u7684\u56fd\u5bb6\/\u5730\u533aAfghanistan\u00c5land IslandsAlbaniaAlgeriaAme&hellip;","og_url":"https:\/\/staging.royaleinternational.com\/cn\/talk-to-us\/","og_site_name":"Royale International","article_modified_time":"2023-07-26T03:53:04+00:00","twitter_card":"summary_large_image","twitter_misc":{"\u9884\u8ba1\u9605\u8bfb\u65f6\u95f4":"2 \u5206"},"schema":{"@context":"https:\/\/schema.org","@graph":[{"@type":"WebPage","@id":"https:\/\/staging.royaleinternational.com\/cn\/talk-to-us\/","url":"https:\/\/staging.royaleinternational.com\/cn\/talk-to-us\/","name":"\u4e0e\u6211\u4eec\u4ea4\u8c08 - Royale International","isPartOf":{"@id":"https:\/\/staging.royaleinternational.com\/cn\/#website"},"datePublished":"2019-11-14T03:39:08+00:00","dateModified":"2023-07-26T03:53:04+00:00","breadcrumb":{"@id":"https:\/\/staging.royaleinternational.com\/cn\/talk-to-us\/#breadcrumb"},"inLanguage":"zh-Hans","potentialAction":[{"@type":"ReadAction","target":["https:\/\/staging.royaleinternational.com\/cn\/talk-to-us\/"]}]},{"@type":"BreadcrumbList","@id":"https:\/\/staging.royaleinternational.com\/cn\/talk-to-us\/#breadcrumb","itemListElement":[{"@type":"ListItem","position":1,"name":"Home","item":"https:\/\/staging.royaleinternational.com\/cn\/"},{"@type":"ListItem","position":2,"name":"\u4e0e\u6211\u4eec\u4ea4\u8c08"}]},{"@type":"WebSite","@id":"https:\/\/staging.royaleinternational.com\/cn\/#website","url":"https:\/\/staging.royaleinternational.com\/cn\/","name":"Royale International","description":"Dedicated to making it happen","potentialAction":[{"@type":"SearchAction","target":{"@type":"EntryPoint","urlTemplate":"https:\/\/staging.royaleinternational.com\/cn\/?s={search_term_string}"},"query-input":{"@type":"PropertyValueSpecification","valueRequired":true,"valueName":"search_term_string"}}],"inLanguage":"zh-Hans"}]}},"_links":{"self":[{"href":"https:\/\/staging.royaleinternational.com\/cn\/wp-json\/wp\/v2\/pages\/4875","targetHints":{"allow":["GET"]}}],"collection":[{"href":"https:\/\/staging.royaleinternational.com\/cn\/wp-json\/wp\/v2\/pages"}],"about":[{"href":"https:\/\/staging.royaleinternational.com\/cn\/wp-json\/wp\/v2\/types\/page"}],"author":[{"embeddable":true,"href":"https:\/\/staging.royaleinternational.com\/cn\/wp-json\/wp\/v2\/users\/1"}],"replies":[{"embeddable":true,"href":"https:\/\/staging.royaleinternational.com\/cn\/wp-json\/wp\/v2\/comments?post=4875"}],"version-history":[{"count":1,"href":"https:\/\/staging.royaleinternational.com\/cn\/wp-json\/wp\/v2\/pages\/4875\/revisions"}],"predecessor-version":[{"id":13147,"href":"https:\/\/staging.royaleinternational.com\/cn\/wp-json\/wp\/v2\/pages\/4875\/revisions\/13147"}],"wp:attachment":[{"href":"https:\/\/staging.royaleinternational.com\/cn\/wp-json\/wp\/v2\/media?parent=4875"}],"curies":[{"name":"wp","href":"https:\/\/api.w.org\/{rel}","templated":true}]}}